{"id":7841,"date":"2016-07-12T14:20:10","date_gmt":"2016-07-12T05:20:10","guid":{"rendered":"http:\/\/ekiden-news.jp\/?page_id=7841"},"modified":"2016-07-12T14:21:20","modified_gmt":"2016-07-12T05:21:20","slug":"eaa-%e3%83%97%e3%83%ac%e3%83%9f%e3%82%a2%e3%83%a0%e3%83%9f%e3%83%bc%e3%83%86%e3%82%a3%e3%83%b3%e3%82%b0-%e3%82%a2%e3%83%b3%e3%83%89%e3%82%a5%e3%83%8f%e3%83%ab-2016-7-16-jst","status":"publish","type":"page","link":"https:\/\/ekiden-news.jp\/?page_id=7841","title":{"rendered":"EAA \u30d7\u30ec\u30df\u30a2\u30e0\u30df\u30fc\u30c6\u30a3\u30f3\u30b0 \u30a2\u30f3\u30c9\u30a5\u30cf\u30eb 2016.7.17 JST"},"content":{"rendered":"<h2 style=\"text-align: center;\"><span style=\"color: #808080;\">EAA Premium Meeting &#8211; Andujar 2016<\/span><\/h2>\n<p style=\"text-align: center;\"><span style=\"color: #808080;\">~ Memorial Francisco Ram\u00f3n Higueras &#8211; Ja\u00e9n Para\u00edso Interior ~<\/span><\/p>\n<p style=\"text-align: center;\"><span style=\"color: #808080;\">2016\u5e747\u670817\u65e5\u591c\uff08AM\uff09<\/span><\/p>\n<p>&nbsp;<\/p>\n<div id=\"eversport-smart-embed\" style=\"height: 360px; width: 640px;\" data-player-pref=\"html5-priority\" data-event-nid=\"161951\">\u00a0<\/div>\n<p><script src=\"\/\/eversport.tv\/sites\/all\/modules\/custom\/eversport_smart_embed\/js\/eversport_smart_embed.js\"><\/script><\/p>\n<p>&nbsp;<\/p>\n<div class=\"su-tabs su-tabs-style-default su-tabs-mobile-stack\" data-active=\"1\" data-scroll-offset=\"0\" data-anchor-in-url=\"no\"><div class=\"su-tabs-nav\"><span class=\"\" data-url=\"\" data-target=\"blank\" tabindex=\"0\" role=\"button\">\u6982\u8981<\/span><span class=\"\" data-url=\"\" data-target=\"blank\" tabindex=\"0\" role=\"button\">\u30a8\u30f3\u30c8\u30ea\u30fc<\/span><\/div><div class=\"su-tabs-panes\"><div class=\"su-tabs-pane su-u-clearfix su-u-trim\" data-title=\"\u6982\u8981\">\n<p>\u65e5\u6642\uff1a\u3000\u65e5\u672c\u6642\u95932016\u5e747\u670817\u65e5\u591c\u4e2d<\/p>\n<p>\u5834\u6240\uff1a\u3000<a href=\"https:\/\/www.google.co.jp\/maps\/place\/Polideportivo+Felipe+del+Valle\/@37.4917762,-5.9421354,1279m\/data=!3m1!1e3!4m8!1m2!2m1!1sPOLIDEPORTIVO+MUNICIPAL!3m4!1s0xd124281ae7bc7a5:0x90483727205f2291!8m2!3d37.4918497!4d-5.9381639\" target=\"_blank\">Polideportivo Felipe del Valle<\/a>\uff08\u30b9\u30da\u30a4\u30f3\uff09<\/p>\n<p>Link:\u3000<a href=\"http:\/\/www.rfea.es\/competi\/andujarmeeting\/index.htm\" target=\"_blank\">\u516c\u5f0fHP<\/a> &gt;\u00a0<a href=\"http:\/\/www.rfea.es\/web\/competiciones\/campeonato.asp?codigo=2016J002\" target=\"_blank\">\u30b9\u30da\u30a4\u30f3\u9678\u4e0a\u9023\u76dfHP<\/a><\/p>\n<table width=\"410\">\n<tbody>\n<tr>\n<td width=\"72\">\u65e5\u672c\u6642\u9593<br \/> 17\u65e5<\/td>\n<td width=\"194\">\u7a2e\u76ee<\/td>\n<td width=\"72\">\u6027\u5225<\/td>\n<td width=\"72\">\u3000<\/td>\n<\/tr>\n<tr>\n<td>AM2:15<\/td>\n<td>\u30cf\u30f3\u30de\u30fc<\/td>\n<td>\u7537\u5b50<\/td>\n<td>Final<\/td>\n<\/tr>\n<tr>\n<td>AM2:30<\/td>\n<td>Altura<\/td>\n<td>\u7537\u5b50<\/td>\n<td>Final<\/td>\n<\/tr>\n<tr>\n<td>AM2:55<\/td>\n<td>Longitud<\/td>\n<td>\u5973\u5b50<\/td>\n<td>Final<\/td>\n<\/tr>\n<tr>\n<td>AM3:05<\/td>\n<td>100m<\/td>\n<td>\u5973\u5b50<\/td>\n<td>Final B<\/td>\n<\/tr>\n<tr>\n<td>AM3:10<\/td>\n<td>100m<\/td>\n<td>\u7537\u5b50<\/td>\n<td>Final B<\/td>\n<\/tr>\n<tr>\n<td>AM3:17<\/td>\n<td>200m<\/td>\n<td>\u5973\u5b50<\/td>\n<td>Final B<\/td>\n<\/tr>\n<tr>\n<td>AM3:00<\/td>\n<td>200m<\/td>\n<td>\u7537\u5b50<\/td>\n<td>Final B<\/td>\n<\/tr>\n<tr>\n<td>AM3:40<\/td>\n<td>800m<\/td>\n<td>\u7537\u5b50<\/td>\n<td>Final B<\/td>\n<\/tr>\n<tr>\n<td>AM3:45<\/td>\n<td>\u5186\u76e4\u6295<\/td>\n<td>\u5973\u5b50<\/td>\n<td>Final<\/td>\n<\/tr>\n<tr>\n<td>AM3:47<\/td>\n<td>100m<\/td>\n<td>\u5973\u5b50<\/td>\n<td>Final A<\/td>\n<\/tr>\n<tr>\n<td>AM3:55<\/td>\n<td>100m<\/td>\n<td>\u7537\u5b50<\/td>\n<td>Final A<\/td>\n<\/tr>\n<tr>\n<td>AM4:00<\/td>\n<td>Peso<\/td>\n<td>\u7537\u5b50<\/td>\n<td>Final<\/td>\n<\/tr>\n<tr>\n<td>AM4:03<\/td>\n<td>400mv<\/td>\n<td>\u5973\u5b50<\/td>\n<td>Final A<\/td>\n<\/tr>\n<tr>\n<td>AM4:10<\/td>\n<td>400mv<\/td>\n<td>\u7537\u5b50<\/td>\n<td>Final<\/td>\n<\/tr>\n<tr>\n<td>AM4:18<\/td>\n<td>800m<\/td>\n<td>\u5973\u5b50<\/td>\n<td>Final A<\/td>\n<\/tr>\n<tr>\n<td>AM4:25<\/td>\n<td>3000m SC<\/td>\n<td>\u5973\u5b50<\/td>\n<td>Final<\/td>\n<\/tr>\n<tr>\n<td>AM4:41<\/td>\n<td>200m<\/td>\n<td>\u5973\u5b50<\/td>\n<td>Final A<\/td>\n<\/tr>\n<tr>\n<td>AM4:48<\/td>\n<td>200m<\/td>\n<td>\u7537\u5b50<\/td>\n<td>Final A<\/td>\n<\/tr>\n<tr>\n<td>AM4:55<\/td>\n<td>800m<\/td>\n<td>\u7537\u5b50<\/td>\n<td>Final A<\/td>\n<\/tr>\n<\/tbody>\n<\/table>\n<\/div>\n<div class=\"su-tabs-pane su-u-clearfix su-u-trim\" data-title=\"\u30a8\u30f3\u30c8\u30ea\u30fc\">\n<p>\uff1c\u4f5c\u6210\u4e2d\uff1e<\/p>\n<\/div><\/div><\/div>\n<p>&nbsp;<\/p>\n","protected":false},"excerpt":{"rendered":"<p>EAA Premium Meeting &#8211; Andujar 2016 ~ Memorial Francisco Ram\u00f3n Higueras &#8211; Ja\u00e9n Para\u00edso Interior ~ 2 [&hellip;]<\/p>\n","protected":false},"author":1,"featured_media":0,"parent":7147,"menu_order":0,"comment_status":"closed","ping_status":"closed","template":"page-templates\/template-full-width.php","meta":{"_monsterinsights_skip_tracking":false,"_monsterinsights_sitenote_active":false,"_monsterinsights_sitenote_note":"","_monsterinsights_sitenote_category":0,"ngg_post_thumbnail":0,"footnotes":""},"class_list":["post-7841","page","type-page","status-publish","hentry"],"jetpack-related-posts":[],"jetpack_sharing_enabled":true,"_links":{"self":[{"href":"https:\/\/ekiden-news.jp\/index.php?rest_route=\/wp\/v2\/pages\/7841","targetHints":{"allow":["GET"]}}],"collection":[{"href":"https:\/\/ekiden-news.jp\/index.php?rest_route=\/wp\/v2\/pages"}],"about":[{"href":"https:\/\/ekiden-news.jp\/index.php?rest_route=\/wp\/v2\/types\/page"}],"author":[{"embeddable":true,"href":"https:\/\/ekiden-news.jp\/index.php?rest_route=\/wp\/v2\/users\/1"}],"replies":[{"embeddable":true,"href":"https:\/\/ekiden-news.jp\/index.php?rest_route=%2Fwp%2Fv2%2Fcomments&post=7841"}],"version-history":[{"count":3,"href":"https:\/\/ekiden-news.jp\/index.php?rest_route=\/wp\/v2\/pages\/7841\/revisions"}],"predecessor-version":[{"id":7844,"href":"https:\/\/ekiden-news.jp\/index.php?rest_route=\/wp\/v2\/pages\/7841\/revisions\/7844"}],"up":[{"embeddable":true,"href":"https:\/\/ekiden-news.jp\/index.php?rest_route=\/wp\/v2\/pages\/7147"}],"wp:attachment":[{"href":"https:\/\/ekiden-news.jp\/index.php?rest_route=%2Fwp%2Fv2%2Fmedia&parent=7841"}],"curies":[{"name":"wp","href":"https:\/\/api.w.org\/{rel}","templated":true}]}}